{"id":1754,"date":"2026-03-12T00:14:13","date_gmt":"2026-03-11T23:14:13","guid":{"rendered":"https:\/\/alumasystem.ma\/?page_id=1754"},"modified":"2026-03-12T00:14:51","modified_gmt":"2026-03-11T23:14:51","slug":"fenetres-et-portes-fenetres-a-frappe-series-froides-2","status":"publish","type":"page","link":"https:\/\/alumasystem.ma\/index.php\/fenetres-et-portes-fenetres-a-frappe-series-froides-2\/","title":{"rendered":"Fen\u00eatres et portes fen\u00eatres \u00e0 frappe s\u00e9ries froides"},"content":{"rendered":"\t\t<div data-elementor-type=\"wp-page\" data-elementor-id=\"1754\" class=\"elementor elementor-1754\">\n\t\t\t\t<div class=\"elementor-element elementor-element-2de01eb9 e-flex e-con-boxed e-con e-parent\" data-id=\"2de01eb9\" data-element_type=\"container\" data-e-type=\"container\">\n\t\t\t\t\t<div class=\"e-con-inner\">\n\t\t\t\t<div class=\"elementor-element elementor-element-277ddaae elementor-widget elementor-widget-heading\" data-id=\"277ddaae\" data-element_type=\"widget\" data-e-type=\"widget\" data-settings=\"{&quot;_animation_mobile&quot;:&quot;none&quot;}\" data-widget_type=\"heading.default\">\n\t\t\t\t\t<h2 class=\"elementor-heading-title elementor-size-default\">Fen\u00eatres et portes fen\u00eatres \u00e0 frappe s\u00e9ries froides\n<\/h2>\t\t\t\t<\/div>\n\t\t\t\t\t<\/div>\n\t\t\t\t<\/div>\n\t\t<div class=\"elementor-element elementor-element-5680aacb e-grid e-con-boxed e-con e-parent\" data-id=\"5680aacb\" data-element_type=\"container\" data-e-type=\"container\">\n\t\t\t\t\t<div class=\"e-con-inner\">\n\t\t\t\t<div class=\"elementor-element elementor-element-502f8890 elementor-widget elementor-widget-image\" data-id=\"502f8890\" data-element_type=\"widget\" data-e-type=\"widget\" data-widget_type=\"image.default\">\n\t\t\t\t\t\t\t\t\t\t\t\t\t\t\t<img fetchpriority=\"high\" decoding=\"async\" width=\"714\" height=\"1024\" src=\"https:\/\/alumasystem.ma\/wp-content\/uploads\/2026\/03\/2O9RjTNoGkwBs0QfeZiv-714x1024.jpg\" class=\"attachment-large size-large wp-image-1710\" alt=\"\" srcset=\"https:\/\/alumasystem.ma\/wp-content\/uploads\/2026\/03\/2O9RjTNoGkwBs0QfeZiv-714x1024.jpg 714w, https:\/\/alumasystem.ma\/wp-content\/uploads\/2026\/03\/2O9RjTNoGkwBs0QfeZiv-209x300.jpg 209w, https:\/\/alumasystem.ma\/wp-content\/uploads\/2026\/03\/2O9RjTNoGkwBs0QfeZiv-768x1102.jpg 768w, https:\/\/alumasystem.ma\/wp-content\/uploads\/2026\/03\/2O9RjTNoGkwBs0QfeZiv-453x650.jpg 453w, https:\/\/alumasystem.ma\/wp-content\/uploads\/2026\/03\/2O9RjTNoGkwBs0QfeZiv.jpg 800w\" sizes=\"(max-width: 714px) 100vw, 714px\" \/>\t\t\t\t\t\t\t\t\t\t\t\t\t\t\t<\/div>\n\t\t\t\t<div class=\"elementor-element elementor-element-70f1a93c elementor-widget elementor-widget-image\" data-id=\"70f1a93c\" data-element_type=\"widget\" data-e-type=\"widget\" data-widget_type=\"image.default\">\n\t\t\t\t\t\t\t\t\t\t\t\t\t\t\t<img decoding=\"async\" width=\"714\" height=\"1024\" src=\"https:\/\/alumasystem.ma\/wp-content\/uploads\/2026\/03\/DdmTVu0lDZIvQ1rjywPp-714x1024.jpg\" class=\"attachment-large size-large wp-image-1711\" alt=\"\" srcset=\"https:\/\/alumasystem.ma\/wp-content\/uploads\/2026\/03\/DdmTVu0lDZIvQ1rjywPp-714x1024.jpg 714w, https:\/\/alumasystem.ma\/wp-content\/uploads\/2026\/03\/DdmTVu0lDZIvQ1rjywPp-209x300.jpg 209w, https:\/\/alumasystem.ma\/wp-content\/uploads\/2026\/03\/DdmTVu0lDZIvQ1rjywPp-768x1102.jpg 768w, https:\/\/alumasystem.ma\/wp-content\/uploads\/2026\/03\/DdmTVu0lDZIvQ1rjywPp-453x650.jpg 453w, https:\/\/alumasystem.ma\/wp-content\/uploads\/2026\/03\/DdmTVu0lDZIvQ1rjywPp.jpg 800w\" sizes=\"(max-width: 714px) 100vw, 714px\" \/>\t\t\t\t\t\t\t\t\t\t\t\t\t\t\t<\/div>\n\t\t\t\t\t<\/div>\n\t\t\t\t<\/div>\n\t\t\t\t<\/div>\n\t\t","protected":false},"excerpt":{"rendered":"<p>Fen\u00eatres et portes fen\u00eatres \u00e0 frappe s\u00e9ries froides<\/p>\n","protected":false},"author":1,"featured_media":0,"parent":0,"menu_order":0,"comment_status":"closed","ping_status":"closed","template":"","meta":{"footnotes":""},"class_list":["post-1754","page","type-page","status-publish","hentry"],"_links":{"self":[{"href":"https:\/\/alumasystem.ma\/index.php\/wp-json\/wp\/v2\/pages\/1754","targetHints":{"allow":["GET"]}}],"collection":[{"href":"https:\/\/alumasystem.ma\/index.php\/wp-json\/wp\/v2\/pages"}],"about":[{"href":"https:\/\/alumasystem.ma\/index.php\/wp-json\/wp\/v2\/types\/page"}],"author":[{"embeddable":true,"href":"https:\/\/alumasystem.ma\/index.php\/wp-json\/wp\/v2\/users\/1"}],"replies":[{"embeddable":true,"href":"https:\/\/alumasystem.ma\/index.php\/wp-json\/wp\/v2\/comments?post=1754"}],"version-history":[{"count":4,"href":"https:\/\/alumasystem.ma\/index.php\/wp-json\/wp\/v2\/pages\/1754\/revisions"}],"predecessor-version":[{"id":1758,"href":"https:\/\/alumasystem.ma\/index.php\/wp-json\/wp\/v2\/pages\/1754\/revisions\/1758"}],"wp:attachment":[{"href":"https:\/\/alumasystem.ma\/index.php\/wp-json\/wp\/v2\/media?parent=1754"}],"curies":[{"name":"wp","href":"https:\/\/api.w.org\/{rel}","templated":true}]}}